{"id":196,"date":"2021-08-10T12:09:10","date_gmt":"2021-08-10T12:09:10","guid":{"rendered":"https:\/\/dfmod-id.metu.edu.tr\/iletisim\/"},"modified":"2022-04-13T06:57:27","modified_gmt":"2022-04-13T06:57:27","slug":"iletisim","status":"publish","type":"page","link":"https:\/\/dfmod-id.metu.edu.tr\/tr\/iletisim\/","title":{"rendered":"\u0130leti\u015fim"},"content":{"rendered":"\n<div class=\"wp-block-columns is-layout-flex wp-container-core-columns-is-layout-9d6595d7 wp-block-columns-is-layout-flex\">\n<div class=\"wp-block-column is-layout-flow wp-block-column-is-layout-flow\">\n<p>Sizlerin d\u00fc\u015f\u00fcncelerinizi duymak isteriz! DF-MOD ile ilgili sorular\u0131n\u0131z i\u00e7in l\u00fctfen sa\u011fdaki formu kullanarak projenin ba\u015f ara\u015ft\u0131rmac\u0131s\u0131 ile ileti\u015fime ge\u00e7mekten \u00e7ekinmeyin.<\/p>\n<\/div>\n\n\n\n<div class=\"wp-block-column is-layout-flow wp-block-column-is-layout-flow\">[contact-form-7 id=&#8221;35&#8243; title=&#8221;Want to learn more about DF-MOD?&#8221;]\n<\/div>\n<\/div>\n","protected":false},"excerpt":{"rendered":"<p>Sizlerin d\u00fc\u015f\u00fcncelerinizi duymak isteriz! DF-MOD ile ilgili sorular\u0131n\u0131z i\u00e7in l\u00fctfen sa\u011fdaki formu kullanarak projenin ba\u015f ara\u015ft\u0131rmac\u0131s\u0131 ile ileti\u015fime ge\u00e7mekten \u00e7ekinmeyin.<\/p>\n","protected":false},"author":7819,"featured_media":0,"parent":0,"menu_order":3,"comment_status":"closed","ping_status":"closed","template":"","meta":{"neve_meta_sidebar":"full-width","neve_meta_container":"","neve_meta_enable_content_width":"on","neve_meta_content_width":100,"neve_meta_title_alignment":"","neve_meta_author_avatar":"","neve_post_elements_order":"","neve_meta_disable_header":"","neve_meta_disable_footer":"","neve_meta_disable_title":"","footnotes":"","_links_to":"","_links_to_target":""},"class_list":["post-196","page","type-page","status-publish","hentry"],"_links":{"self":[{"href":"https:\/\/dfmod-id.metu.edu.tr\/tr\/wp-json\/wp\/v2\/pages\/196","targetHints":{"allow":["GET"]}}],"collection":[{"href":"https:\/\/dfmod-id.metu.edu.tr\/tr\/wp-json\/wp\/v2\/pages"}],"about":[{"href":"https:\/\/dfmod-id.metu.edu.tr\/tr\/wp-json\/wp\/v2\/types\/page"}],"author":[{"embeddable":true,"href":"https:\/\/dfmod-id.metu.edu.tr\/tr\/wp-json\/wp\/v2\/users\/7819"}],"replies":[{"embeddable":true,"href":"https:\/\/dfmod-id.metu.edu.tr\/tr\/wp-json\/wp\/v2\/comments?post=196"}],"version-history":[{"count":0,"href":"https:\/\/dfmod-id.metu.edu.tr\/tr\/wp-json\/wp\/v2\/pages\/196\/revisions"}],"wp:attachment":[{"href":"https:\/\/dfmod-id.metu.edu.tr\/tr\/wp-json\/wp\/v2\/media?parent=196"}],"curies":[{"name":"wp","href":"https:\/\/api.w.org\/{rel}","templated":true}]}}